{"id":459,"date":"2024-11-16T11:48:47","date_gmt":"2024-11-16T11:48:47","guid":{"rendered":"http:\/\/172.20.11.38:8081\/?page_id=459"},"modified":"2025-01-09T20:33:15","modified_gmt":"2025-01-09T20:33:15","slug":"cartographies","status":"publish","type":"page","link":"https:\/\/qualilab-asa.com\/?page_id=459","title":{"rendered":"Cartographies"},"content":{"rendered":"<h1>cartographie<\/h1>\n<p><strong>Cette section propose une compilation de ressources en ligne ax\u00e9es sur la recherche qualitative, avec une attention particuli\u00e8re aux contextes \u00e9pid\u00e9miques. Explorez divers formats tels que des MOOC, des podcasts et des webinaires.<\/strong><\/p>\n<h5 id=\"elementor-tab-title-1011\" data-tab=\"1\" role=\"button\" aria-controls=\"elementor-tab-content-1011\" aria-expanded=\"false\">\n\t\t\t\t\t\t\t\t\t\t\t\t\t\t\t<svg xmlns=\"http:\/\/www.w3.org\/2000\/svg\" id=\"a\" width=\"43.104\" height=\"45.888\" viewBox=\"0 0 43.104 45.888\"><polygon points=\"24.096 20.16 24.096 0 19.008 0 19.008 20.16 0 20.16 0 25.248 19.008 25.248 19.008 45.888 24.096 45.888 24.096 25.248 43.104 25.248 43.104 20.16 24.096 20.16\"><\/polygon><\/svg><br \/>\n\t\t\t\t\t\t\t\t<svg xmlns=\"http:\/\/www.w3.org\/2000\/svg\" id=\"a\" width=\"43\" height=\"6\" viewBox=\"0 0 43 6\"><rect width=\"43\" height=\"6\"><\/rect><\/svg><br \/>\n\t\t\t\t\t\t\t\t\t\t\t\t<a tabindex=\"0\">MOOC<\/a><br \/>\n\t\t\t\t\t<\/h5>\n<p>Introduction to Social Research Methods<\/p>\n<ul>\n<li><a href=\"https:\/\/learning.edx.org\/course\/course-v1:EdinburghX+SOCRMx+3T2018\/home\" target=\"_blank\" rel=\"noopener\">https:\/\/learning.edx.org\/course\/course-v1:EdinburghX+SOCRMx+3T2018\/home<\/a><\/li>\n<\/ul>\n<p>Les dimensions sociales de la r\u00e9sistance aux antimicrobiens<\/p>\n<ul>\n<li><a href=\"https:\/\/www.coursera.org\/learn\/the-social-dimensions-of-antimicrobial-resistance\" target=\"_blank\" rel=\"noopener\">https:\/\/www.coursera.org\/learn\/the-social-dimensions-of-antimicrobial-resistance<\/a><\/li>\n<\/ul>\n<p>Global Health at the Human-Animal-Ecosystem Interface<\/p>\n<ul>\n<li><a href=\"https:\/\/www.mooc-list.com\/go\/6472\" target=\"_blank\" rel=\"noopener\">https:\/\/www.mooc-list.com\/go\/6472<\/a><\/li>\n<\/ul>\n<h5 id=\"elementor-tab-title-1012\" data-tab=\"2\" role=\"button\" aria-controls=\"elementor-tab-content-1012\" aria-expanded=\"false\">\n\t\t\t\t\t\t\t\t\t\t\t\t\t\t\t<svg xmlns=\"http:\/\/www.w3.org\/2000\/svg\" id=\"a\" width=\"43.104\" height=\"45.888\" viewBox=\"0 0 43.104 45.888\"><polygon points=\"24.096 20.16 24.096 0 19.008 0 19.008 20.16 0 20.16 0 25.248 19.008 25.248 19.008 45.888 24.096 45.888 24.096 25.248 43.104 25.248 43.104 20.16 24.096 20.16\"><\/polygon><\/svg><br \/>\n\t\t\t\t\t\t\t\t<svg xmlns=\"http:\/\/www.w3.org\/2000\/svg\" id=\"a\" width=\"43\" height=\"6\" viewBox=\"0 0 43 6\"><rect width=\"43\" height=\"6\"><\/rect><\/svg><br \/>\n\t\t\t\t\t\t\t\t\t\t\t\t<a tabindex=\"0\">Podcast<\/a><br \/>\n\t\t\t\t\t<\/h5>\n<p>Hetan Shah on Social Science and the Pandemic<\/p>\n<ul>\n<li><a href=\"https:\/\/socialsciencebites.libsyn.com\/hetan-shah-on-social-science-and-the-pandemic\" target=\"_blank\" rel=\"noopener\">https:\/\/socialsciencebites.libsyn.com\/hetan-shah-on-social-science-and-the-pandemic<\/a><\/li>\n<\/ul>\n<p>\u00a0<\/p>\n<p>Epidemics: The rise of health anthropology<\/p>\n<ul>\n<li><a href=\"https:\/\/open.spotify.com\/episode\/1XIAIczQsJWVpHsM6dedmp?si=63261af2ccd142b0\" target=\"_blank\" rel=\"noopener\">https:\/\/open.spotify.com\/episode\/1XIAIczQsJWVpHsM6dedmp?si=63261af2ccd142b0<\/a><\/li>\n<\/ul>\n<h5 id=\"elementor-tab-title-1013\" data-tab=\"3\" role=\"button\" aria-controls=\"elementor-tab-content-1013\" aria-expanded=\"false\">\n\t\t\t\t\t\t\t\t\t\t\t\t\t\t\t<svg xmlns=\"http:\/\/www.w3.org\/2000\/svg\" id=\"a\" width=\"43.104\" height=\"45.888\" viewBox=\"0 0 43.104 45.888\"><polygon points=\"24.096 20.16 24.096 0 19.008 0 19.008 20.16 0 20.16 0 25.248 19.008 25.248 19.008 45.888 24.096 45.888 24.096 25.248 43.104 25.248 43.104 20.16 24.096 20.16\"><\/polygon><\/svg><br \/>\n\t\t\t\t\t\t\t\t<svg xmlns=\"http:\/\/www.w3.org\/2000\/svg\" id=\"a\" width=\"43\" height=\"6\" viewBox=\"0 0 43 6\"><rect width=\"43\" height=\"6\"><\/rect><\/svg><br \/>\n\t\t\t\t\t\t\t\t\t\t\t\t<a tabindex=\"0\">webinaire<\/a><br \/>\n\t\t\t\t\t<\/h5>\n<p>Comprendre et faire face \u00e0 la pand\u00e9mie &#8211; Aper\u00e7us de l&#8217;anthropologie<\/p>\n<ul>\n<li><a href=\"https:\/\/www.youtube.com\/watch?v=5DNfpJj5TG8&amp;list=PLIF4ZAQU71TpJFeX9ohw9RgXFNagc6fdw&amp;index=5\" target=\"_blank\" rel=\"noopener\">https:\/\/www.youtube.com\/watch?v=5DNfpJj5TG8&amp;list=PLIF4ZAQU71TpJFeX9ohw9RgXFNagc6fdw&amp;index=5<\/a><\/li>\n<\/ul>\n<p>\u00a0<\/p>\n<p>Pandemic Change-up \u2013 Invisible Social Structure Revealed Webinar<\/p>\n<ul>\n<li><a href=\"http:\/\/youtube.com\/watch?v=cTpGS9SeY3k\" target=\"_blank\" rel=\"noopener\">http:\/\/youtube.com\/watch?v=cTpGS9SeY3k<\/a><\/li>\n<\/ul>\n<p>\u00a0<\/p>\n<p>COVID-19 &amp; Insights from the Humanities, Social Sciences and IKS: Perspectives from the Global South<\/p>\n<ul>\n<li><a href=\"https:\/\/www.youtube.com\/watch?v=8TkvCPByPvQ\" target=\"_blank\" rel=\"noopener\">https:\/\/www.youtube.com\/watch?v=8TkvCPByPvQ<\/a><\/li>\n<\/ul>\n<p>\u00a0<\/p>\n<p>L\u2019e\u0301pide\u0301mie : enjeux scientifiques et politiques d\u2019un \u00ab objet-frontie\u0300re \u00bb entre sciences biologiques et SHS<\/p>\n<ul>\n<li><a href=\"https:\/\/mshsud.tv\/spip.php?article1030\" target=\"_blank\" rel=\"noopener\">https:\/\/mshsud.tv\/spip.php?article1030<\/a><\/li>\n<\/ul>\n<p>\u00a0<\/p>\n<p>Qualitative Research in Global Health: Theory, Methods, and Analysis<\/p>\n<ul>\n<li><a href=\"https:\/\/high-edu.courses\/courses\/course-v1:HIGH-GLOHRA+QS1+QS1A\/about\" target=\"_blank\" rel=\"noopener\">https:\/\/high-edu.courses\/courses\/course-v1:HIGH-GLOHRA+QS1+QS1A\/about<\/a><\/li>\n<\/ul>\n<p>\u00a0<\/p>\n<p>L&#8217;anthropologie de la maladie<\/p>\n<ul>\n<li><a href=\"https:\/\/www.youtube.com\/watch?v=bLjWhkoKq5E\" target=\"_blank\" rel=\"noopener\">https:\/\/www.youtube.com\/watch?v=bLjWhkoKq5E<\/a><\/li>\n<\/ul>\n<p>\u00a0<\/p>\n<p>La pr\u00e9paration aux pand\u00e9mies, une nouvelle technique de sant\u00e9 globale<\/p>\n<ul>\n<li><a href=\"https:\/\/savoirs.ens.fr\/expose.php?id=3941\" target=\"_blank\" rel=\"noopener\">https:\/\/savoirs.ens.fr\/expose.php?id=3941<\/a><\/li>\n<\/ul>\n<h5 id=\"elementor-tab-title-1014\" data-tab=\"4\" role=\"button\" aria-controls=\"elementor-tab-content-1014\" aria-expanded=\"false\">\n\t\t\t\t\t\t\t\t\t\t\t\t\t\t\t<svg xmlns=\"http:\/\/www.w3.org\/2000\/svg\" id=\"a\" width=\"43.104\" height=\"45.888\" viewBox=\"0 0 43.104 45.888\"><polygon points=\"24.096 20.16 24.096 0 19.008 0 19.008 20.16 0 20.16 0 25.248 19.008 25.248 19.008 45.888 24.096 45.888 24.096 25.248 43.104 25.248 43.104 20.16 24.096 20.16\"><\/polygon><\/svg><br \/>\n\t\t\t\t\t\t\t\t<svg xmlns=\"http:\/\/www.w3.org\/2000\/svg\" id=\"a\" width=\"43\" height=\"6\" viewBox=\"0 0 43 6\"><rect width=\"43\" height=\"6\"><\/rect><\/svg><br \/>\n\t\t\t\t\t\t\t\t\t\t\t\t<a tabindex=\"0\">Online Course <\/a><br \/>\n\t\t\t\t\t<\/h5>\n<p>Health Emergency Response to a Pandemic: An Integrated Social Science Perspective<\/p>\n<ul>\n<li><a href=\"https:\/\/www.futurelearn.com\/courses\/health-emergency-response-to-a-pandemic-an-integrated-social-science-perspective\" target=\"_blank\" rel=\"noopener\">https:\/\/www.futurelearn.com\/courses\/health-emergency-response-to-a-pandemic-an-integrated-social-science-perspectivehttps:\/\/www.youtube.com\/watch?v=5DNfpJj5TG8&amp;list=PLIF4ZAQU71TpJFeX9ohw9RgXFNagc6fdw&amp;index=5<\/a><\/li>\n<\/ul>\n<h5 id=\"elementor-tab-title-1015\" data-tab=\"5\" role=\"button\" aria-controls=\"elementor-tab-content-1015\" aria-expanded=\"false\">\n\t\t\t\t\t\t\t\t\t\t\t\t\t\t\t<svg xmlns=\"http:\/\/www.w3.org\/2000\/svg\" id=\"a\" width=\"43.104\" height=\"45.888\" viewBox=\"0 0 43.104 45.888\"><polygon points=\"24.096 20.16 24.096 0 19.008 0 19.008 20.16 0 20.16 0 25.248 19.008 25.248 19.008 45.888 24.096 45.888 24.096 25.248 43.104 25.248 43.104 20.16 24.096 20.16\"><\/polygon><\/svg><br \/>\n\t\t\t\t\t\t\t\t<svg xmlns=\"http:\/\/www.w3.org\/2000\/svg\" id=\"a\" width=\"43\" height=\"6\" viewBox=\"0 0 43 6\"><rect width=\"43\" height=\"6\"><\/rect><\/svg><br \/>\n\t\t\t\t\t\t\t\t\t\t\t\t<a tabindex=\"0\">Conf\u00e9rence <\/a><br \/>\n\t\t\t\t\t<\/h5>\n<p>Penser l&#8217;humain dans sa complexit\u00e9 : l&#8217;anthropologie m\u00e9dicale au secours de l&#8217;anthropologie<\/p>\n<ul>\n<li><a href=\"https:\/\/www.canal-u.tv\/chaines\/ut2j\/assises-de-l-anthropologie-de-la-sante\/penser-l-humain-dans-sa-complexite-l\" target=\"_blank\" rel=\"noopener\">https:\/\/www.futurelearn.com\/courses\/health-emergency-response-to-a-pandemic-an-integrated-social-science-perspectivehttps:\/\/www.youtube.com\/watch?v=5DNfpJj5TG8&amp;list=PLIF4ZAQU71TpJFeX9ohw9RgXFNagc6fdw&amp;index=5<\/a><\/li>\n<\/ul>\n<p>\u00a0<\/p>\n<p>R\u00e9flexions en anthropologie de la sant\u00e9 : plis et agencements d\u2019une pand\u00e9mie en Afrique de l\u2019Ouest<\/p>\n<ul>\n<li><a href=\"https:\/\/amupod.univ-amu.fr\/video\/21391-intervention-3-yannick-jaffre-reflexions-en-anthropologie-de-la-sante-plis-et-agencements-dune-pandemie-en-afrique-de-louest\/\" target=\"_blank\" rel=\"noopener\">https:\/\/amupod.univ-amu.fr\/video\/21391-intervention-3-yannick-jaffre-reflexions-en-anthropologie-de-la-sante-plis-et-agencements-dune-pandemie-en-afrique-de-louest\/<\/a><\/li>\n<\/ul>\n","protected":false},"excerpt":{"rendered":"<p>cartographie Cette section propose une compilation de ressources en ligne ax\u00e9es sur la recherche qualitative, avec une attention particuli\u00e8re aux contextes \u00e9pid\u00e9miques. Explorez divers formats tels que des MOOC, des podcasts et des webinaires. MOOC Introduction to Social Research Methods https:\/\/learning.edx.org\/course\/course-v1:EdinburghX+SOCRMx+3T2018\/home Les dimensions sociales de la r\u00e9sistance aux antimicrobiens https:\/\/www.coursera.org\/learn\/the-social-dimensions-of-antimicrobial-resistance Global Health at the Human-Animal-Ecosystem [&hellip;]<\/p>\n","protected":false},"author":1,"featured_media":0,"parent":0,"menu_order":0,"comment_status":"closed","ping_status":"closed","template":"","meta":{"footnotes":""},"class_list":["post-459","page","type-page","status-publish","hentry"],"_links":{"self":[{"href":"https:\/\/qualilab-asa.com\/index.php?rest_route=\/wp\/v2\/pages\/459","targetHints":{"allow":["GET"]}}],"collection":[{"href":"https:\/\/qualilab-asa.com\/index.php?rest_route=\/wp\/v2\/pages"}],"about":[{"href":"https:\/\/qualilab-asa.com\/index.php?rest_route=\/wp\/v2\/types\/page"}],"author":[{"embeddable":true,"href":"https:\/\/qualilab-asa.com\/index.php?rest_route=\/wp\/v2\/users\/1"}],"replies":[{"embeddable":true,"href":"https:\/\/qualilab-asa.com\/index.php?rest_route=%2Fwp%2Fv2%2Fcomments&post=459"}],"version-history":[{"count":61,"href":"https:\/\/qualilab-asa.com\/index.php?rest_route=\/wp\/v2\/pages\/459\/revisions"}],"predecessor-version":[{"id":2366,"href":"https:\/\/qualilab-asa.com\/index.php?rest_route=\/wp\/v2\/pages\/459\/revisions\/2366"}],"wp:attachment":[{"href":"https:\/\/qualilab-asa.com\/index.php?rest_route=%2Fwp%2Fv2%2Fmedia&parent=459"}],"curies":[{"name":"wp","href":"https:\/\/api.w.org\/{rel}","templated":true}]}}